{"id":1484,"date":"2014-11-11T11:14:05","date_gmt":"2014-11-11T11:14:05","guid":{"rendered":"https:\/\/paptours.com\/o-nama\/"},"modified":"2021-09-06T08:46:32","modified_gmt":"2021-09-06T06:46:32","slug":"o-nama","status":"publish","type":"page","link":"https:\/\/paptours.com\/en\/o-nama\/","title":{"rendered":"About"},"content":{"rendered":"<p>[vc_row css=&#8221;.vc_custom_1619428938891{margin-top: 30px !important;}&#8221;][vc_column offset=&#8221;vc_col-md-12&#8243;][vc_single_image image=&#8221;1208&#8243; img_size=&#8221;full&#8221; alignment=&#8221;center&#8221;][\/vc_column][\/vc_row][vc_row equal_height=&#8221;yes&#8221; css=&#8221;.vc_custom_1626676805773{margin-top: 30px !important;}&#8221;][vc_column][vc_column_text css=&#8221;.vc_custom_1630910785411{margin-bottom: 20px !important;}&#8221;]<\/p>\n<p style=\"text-align: justify;\">Travel agency P.A.P.TOURS d.o.o. was founded in 1989 in \u010citluk, as one of the first local agencies in the Medjugorje area that specializes in all types of passenger transport. With over 30 years of experience, the agency offers passenger transport services throughout BiH and Europe in buses and minibuses of high tourist class, with different capacities from 8 to 58 seats.<\/p>\n<p style=\"text-align: justify;\">In addition to passenger transport, the agency deals with the organization and implementation of all types of travel: pilgrimages, excursions, accommodation, guides. . .<\/p>\n<p>[\/vc_column_text][\/vc_column][\/vc_row][vc_row][vc_column css=&#8221;.vc_custom_1626677303897{margin-top: 15px !important;margin-bottom: 15px !important;}&#8221; offset=&#8221;vc_col-md-12&#8243;][vc_custom_heading text=&#8221;Travels&#8221;][vc_column_text]<\/p>\n<p style=\"text-align: justify;\">In addition to transporting tourists, our agency also offers the transport of sports clubs and other associations at the most affordable prices on the market, as evidenced by the large number of sports teams that have placed their trust in us. We offer tourist packages with flexible prices that, if necessary, include the following services: transport organization, accommodation and guides.<\/p>\n<p style=\"text-align: justify;\">When realizing the trip, we put safety, comfort, convenience and acceptance of the highest world standards in the first place.[\/vc_column_text][\/vc_column][\/vc_row][vc_row css=&#8221;.vc_custom_1626079198871{margin-top: 50px !important;}&#8221;][vc_column][vc_custom_heading text=&#8221;Transportation reservation&#8221;][vc_column_text]<div role=\"form\" class=\"wpcf7\" id=\"wpcf7-f1495-o1\" lang=\"hr\" dir=\"ltr\">\n<div class=\"screen-reader-response\"><p role=\"status\" aria-live=\"polite\" aria-atomic=\"true\"><\/p> <ul><\/ul><\/div>\n<form action=\"\/en\/wp-json\/wp\/v2\/pages\/1484#wpcf7-f1495-o1\" method=\"post\" class=\"wpcf7-form init\" novalidate=\"novalidate\" data-status=\"init\">\n<div style=\"display: none;\">\n<input type=\"hidden\" name=\"_wpcf7\" value=\"1495\" \/>\n<input type=\"hidden\" name=\"_wpcf7_version\" value=\"5.4\" \/>\n<input type=\"hidden\" name=\"_wpcf7_locale\" value=\"hr\" \/>\n<input type=\"hidden\" name=\"_wpcf7_unit_tag\" value=\"wpcf7-f1495-o1\" \/>\n<input type=\"hidden\" name=\"_wpcf7_container_post\" value=\"0\" \/>\n<input type=\"hidden\" name=\"_wpcf7_posted_data_hash\" value=\"\" \/>\n<input type=\"hidden\" name=\"_wpcf7_recaptcha_response\" value=\"\" \/>\n<\/div>\n<div class=\"obrazac-stil-1\">\n<div class=\"two-column-container\">\n<p class=\"contact-half-row-alignment\"><label class=\"full-width\"> Your name<br \/>\n    <span class=\"wpcf7-form-control-wrap your-name\"><input type=\"text\" name=\"your-name\" value=\"\" size=\"40\" class=\"wpcf7-form-control wpcf7-text wpcf7-validates-as-required\" aria-required=\"true\" aria-invalid=\"false\" \/><\/span> <\/label><\/p>\n<p class=\"contact-half-row-alignment\"><label class=\"full-width\"> Your last name<br \/>\n    <span class=\"wpcf7-form-control-wrap your-surname\"><input type=\"text\" name=\"your-surname\" value=\"\" size=\"40\" class=\"wpcf7-form-control wpcf7-text\" aria-invalid=\"false\" \/><\/span> <\/label><\/p>\n<\/div>\n<div class=\"two-column-container\">\n<p class=\"contact-half-row-alignment\"><label class=\"full-width\"> Your Email<br \/>\n    <span class=\"wpcf7-form-control-wrap your-email\"><input type=\"email\" name=\"your-email\" value=\"\" size=\"40\" class=\"wpcf7-form-control wpcf7-text wpcf7-email wpcf7-validates-as-required wpcf7-validates-as-email\" aria-required=\"true\" aria-invalid=\"false\" \/><\/span> <\/label><\/p>\n<p class=\"contact-half-row-alignment\"><label class=\"full-width\"> Your phone number<br \/>\n    <span class=\"wpcf7-form-control-wrap your-phone\"><input type=\"email\" name=\"your-phone\" value=\"\" size=\"40\" class=\"wpcf7-form-control wpcf7-text wpcf7-email wpcf7-validates-as-required wpcf7-validates-as-email\" aria-required=\"true\" aria-invalid=\"false\" \/><\/span> <\/label><\/p>\n<\/div>\n<div class=\"two-column-container\">\n<p class=\"contact-half-row-alignment\"><label class=\"full-width\"> Starting point<br \/>\n    <span class=\"wpcf7-form-control-wrap text-polaziste\"><input type=\"text\" name=\"text-polaziste\" value=\"\" size=\"40\" class=\"wpcf7-form-control wpcf7-text\" aria-invalid=\"false\" \/><\/span> <\/label><\/p>\n<p class=\"contact-half-row-alignment\"><label class=\"full-width\"> Destination<br \/>\n    <span class=\"wpcf7-form-control-wrap text-destinacija\"><input type=\"text\" name=\"text-destinacija\" value=\"\" size=\"40\" class=\"wpcf7-form-control wpcf7-text\" aria-invalid=\"false\" \/><\/span> <\/label><\/p>\n<\/div>\n<div class=\"two-column-container\">\n<p class=\"contact-half-row-alignment\"><label class=\"full-width\"> Number of passengers<br \/>\n    <span class=\"wpcf7-form-control-wrap number-putnici\"><input type=\"number\" name=\"number-putnici\" value=\"\" class=\"wpcf7-form-control wpcf7-number wpcf7-validates-as-number\" aria-invalid=\"false\" \/><\/span> <\/label><\/p>\n<p class=\"contact-half-row-alignment\"><label class=\"full-width\"> Date of travel<br \/>\n    <span class=\"wpcf7-form-control-wrap date\"><input type=\"date\" name=\"date\" value=\"\" class=\"wpcf7-form-control wpcf7-date wpcf7-validates-as-date\" aria-invalid=\"false\" \/><\/span> <\/label><\/p>\n<\/div>\n<p><label  class=\"full-width\"> Your message (optional)<br \/>\n    <span class=\"wpcf7-form-control-wrap your-message\"><textarea name=\"your-message\" cols=\"40\" rows=\"3\" class=\"wpcf7-form-control wpcf7-textarea\" aria-invalid=\"false\"><\/textarea><\/span> <\/label><\/p>\n<p class=\"contact-button-style-1\"><input type=\"submit\" value=\"Send\" class=\"wpcf7-form-control wpcf7-submit\" \/><\/p>\n<\/div>\n<div class=\"wpcf7-response-output\" aria-hidden=\"true\"><\/div><\/form><\/div>[\/vc_column_text][\/vc_column][\/vc_row]<\/p>\n","protected":false},"excerpt":{"rendered":"<p>[vc_row css=&#8221;.vc_custom_1619428938891{margin-top: 30px !important;}&#8221;][vc_column offset=&#8221;vc_col-md-12&#8243;][vc_single_image image=&#8221;1208&#8243; img_size=&#8221;full&#8221; alignment=&#8221;center&#8221;][\/vc_column][\/vc_row][vc_row equal_height=&#8221;yes&#8221; css=&#8221;.vc_custom_1626676805773{margin-top: 30px !important;}&#8221;][vc_column][vc_column_text css=&#8221;.vc_custom_1630910785411{margin-bottom: 20px !important;}&#8221;] Travel agency P.A.P.TOURS d.o.o. was founded in 1989 in \u010citluk, as one of the first local agencies in the Medjugorje area that specializes in all&#8230;<\/p>\n","protected":false},"author":1,"featured_media":0,"parent":0,"menu_order":0,"comment_status":"closed","ping_status":"closed","template":"","meta":[],"yoast_head":"<!-- This site is optimized with the Yoast SEO Premium plugin v15.9 - https:\/\/yoast.com\/wordpress\/plugins\/seo\/ -->\n<title>Putni\u010dka agencija P.A.P. TOURS - About<\/title>\n<meta name=\"description\" content=\"Putni\u010dka agencija P.A.P. TOURS d.o.o. osnovana je 1989. godine u \u010citluku, kao jedna od prvih lokalnih agencija na podru\u010dju Me\u0111ugorja.\" \/>\n<meta name=\"robots\" content=\"index, follow, max-snippet:-1, max-image-preview:large, max-video-preview:-1\" \/>\n<link rel=\"canonical\" href=\"https:\/\/paptours.com\/en\/o-nama\/\" \/>\n<meta property=\"og:locale\" content=\"en_US\" \/>\n<meta property=\"og:type\" content=\"article\" \/>\n<meta property=\"og:title\" content=\"Putni\u010dka agencija P.A.P. TOURS - About\" \/>\n<meta property=\"og:description\" content=\"Putni\u010dka agencija P.A.P. TOURS d.o.o. osnovana je 1989. godine u \u010citluku, kao jedna od prvih lokalnih agencija na podru\u010dju Me\u0111ugorja.\" \/>\n<meta property=\"og:url\" content=\"https:\/\/paptours.com\/en\/o-nama\/\" \/>\n<meta property=\"og:site_name\" content=\"Paptours\" \/>\n<meta property=\"article:publisher\" content=\"https:\/\/www.facebook.com\/paptours\" \/>\n<meta property=\"article:modified_time\" content=\"2021-09-06T06:46:32+00:00\" \/>\n<meta property=\"og:image\" content=\"https:\/\/paptours.com\/wp-content\/uploads\/2021\/07\/IMG-20200919-WA0022.jpg\" \/>\n\t<meta property=\"og:image:width\" content=\"1600\" \/>\n\t<meta property=\"og:image:height\" content=\"1200\" \/>\n<meta name=\"twitter:card\" content=\"summary_large_image\" \/>\n<meta name=\"twitter:label1\" content=\"Est. reading time\">\n\t<meta name=\"twitter:data1\" content=\"1 minute\">\n<script type=\"application\/ld+json\" class=\"yoast-schema-graph\">{\"@context\":\"https:\/\/schema.org\",\"@graph\":[{\"@type\":\"Organization\",\"@id\":\"https:\/\/paptours.com\/#organization\",\"name\":\"Paptours\",\"url\":\"https:\/\/paptours.com\/\",\"sameAs\":[\"https:\/\/www.facebook.com\/paptours\",\"https:\/\/www.instagram.com\/paptours\/\"],\"logo\":{\"@type\":\"ImageObject\",\"@id\":\"https:\/\/paptours.com\/#logo\",\"inLanguage\":\"en-US\",\"url\":\"https:\/\/paptours.com\/wp-content\/uploads\/2019\/01\/paptours-logo.png\",\"width\":786,\"height\":188,\"caption\":\"Paptours\"},\"image\":{\"@id\":\"https:\/\/paptours.com\/#logo\"}},{\"@type\":\"WebSite\",\"@id\":\"https:\/\/paptours.com\/#website\",\"url\":\"https:\/\/paptours.com\/\",\"name\":\"Paptours\",\"description\":\"\",\"publisher\":{\"@id\":\"https:\/\/paptours.com\/#organization\"},\"potentialAction\":[{\"@type\":\"SearchAction\",\"target\":\"https:\/\/paptours.com\/?s={search_term_string}\",\"query-input\":\"required name=search_term_string\"}],\"inLanguage\":\"en-US\"},{\"@type\":\"WebPage\",\"@id\":\"https:\/\/paptours.com\/en\/o-nama\/#webpage\",\"url\":\"https:\/\/paptours.com\/en\/o-nama\/\",\"name\":\"Putni\\u010dka agencija P.A.P. TOURS - About\",\"isPartOf\":{\"@id\":\"https:\/\/paptours.com\/#website\"},\"datePublished\":\"2014-11-11T11:14:05+00:00\",\"dateModified\":\"2021-09-06T06:46:32+00:00\",\"description\":\"Putni\\u010dka agencija P.A.P. TOURS d.o.o. osnovana je 1989. godine u \\u010citluku, kao jedna od prvih lokalnih agencija na podru\\u010dju Me\\u0111ugorja.\",\"breadcrumb\":{\"@id\":\"https:\/\/paptours.com\/en\/o-nama\/#breadcrumb\"},\"inLanguage\":\"en-US\",\"potentialAction\":[{\"@type\":\"ReadAction\",\"target\":[\"https:\/\/paptours.com\/en\/o-nama\/\"]}]},{\"@type\":\"BreadcrumbList\",\"@id\":\"https:\/\/paptours.com\/en\/o-nama\/#breadcrumb\",\"itemListElement\":[{\"@type\":\"ListItem\",\"position\":1,\"item\":{\"@type\":\"WebPage\",\"@id\":\"https:\/\/paptours.com\/en\/\",\"url\":\"https:\/\/paptours.com\/en\/\",\"name\":\"Home\"}},{\"@type\":\"ListItem\",\"position\":2,\"item\":{\"@type\":\"WebPage\",\"@id\":\"https:\/\/paptours.com\/en\/o-nama\/\",\"url\":\"https:\/\/paptours.com\/en\/o-nama\/\",\"name\":\"About\"}}]}]}<\/script>\n<!-- \/ Yoast SEO Premium plugin. -->","_links":{"self":[{"href":"https:\/\/paptours.com\/en\/wp-json\/wp\/v2\/pages\/1484"}],"collection":[{"href":"https:\/\/paptours.com\/en\/wp-json\/wp\/v2\/pages"}],"about":[{"href":"https:\/\/paptours.com\/en\/wp-json\/wp\/v2\/types\/page"}],"author":[{"embeddable":true,"href":"https:\/\/paptours.com\/en\/wp-json\/wp\/v2\/users\/1"}],"replies":[{"embeddable":true,"href":"https:\/\/paptours.com\/en\/wp-json\/wp\/v2\/comments?post=1484"}],"version-history":[{"count":5,"href":"https:\/\/paptours.com\/en\/wp-json\/wp\/v2\/pages\/1484\/revisions"}],"predecessor-version":[{"id":1523,"href":"https:\/\/paptours.com\/en\/wp-json\/wp\/v2\/pages\/1484\/revisions\/1523"}],"wp:attachment":[{"href":"https:\/\/paptours.com\/en\/wp-json\/wp\/v2\/media?parent=1484"}],"curies":[{"name":"wp","href":"https:\/\/api.w.org\/{rel}","templated":true}]}}